{"id":3287,"date":"2023-09-26T09:13:56","date_gmt":"2023-09-26T09:13:56","guid":{"rendered":"https:\/\/biz-operations.com\/?page_id=3287"},"modified":"2026-03-03T14:56:28","modified_gmt":"2026-03-03T14:56:28","slug":"impressum-2-0","status":"publish","type":"page","link":"https:\/\/biz-operations.com\/en\/impressum-2-0\/","title":{"rendered":"Legal notice"},"content":{"rendered":"<div data-elementor-type=\"wp-page\" data-elementor-id=\"3287\" class=\"elementor elementor-3287\">\n\t\t\t\t<div class=\"elementor-element elementor-element-f980152 e-con-full e-flex e-con e-parent\" data-id=\"f980152\" data-element_type=\"container\" data-e-type=\"container\" data-settings=\"{&quot;background_background&quot;:&quot;classic&quot;}\">\n\t\t\t\t<div class=\"elementor-element elementor-element-18ed40c elementor-widget__width-initial elementor-widget elementor-widget-heading\" data-id=\"18ed40c\" data-element_type=\"widget\" data-e-type=\"widget\" data-widget_type=\"heading.default\">\n\t\t\t\t\t<h2 class=\"elementor-heading-title elementor-size-default\">IMPRESSUM<\/h2>\t\t\t\t<\/div>\n\t\t\t\t<\/div>\n\t\t\t\t<section class=\"elementor-section elementor-top-section elementor-element elementor-element-f72943b elementor-section-boxed elementor-section-height-default elementor-section-height-default\" data-id=\"f72943b\" data-element_type=\"section\" data-e-type=\"section\">\n\t\t\t\t\t\t<div class=\"elementor-container elementor-column-gap-default\">\n\t\t\t\t\t<div class=\"elementor-column elementor-col-100 elementor-top-column elementor-element elementor-element-7b5abf7\" data-id=\"7b5abf7\" data-element_type=\"column\" data-e-type=\"column\">\n\t\t\t<div class=\"elementor-widget-wrap elementor-element-populated\">\n\t\t\t\t\t\t<div class=\"elementor-element elementor-element-ea5780c elementor-widget elementor-widget-heading\" data-id=\"ea5780c\" data-element_type=\"widget\" data-e-type=\"widget\" data-widget_type=\"heading.default\">\n\t\t\t\t\t<h2 class=\"elementor-heading-title elementor-size-default\">Angaben gem\u00e4\u00df \u00a75 TMG<\/h2>\t\t\t\t<\/div>\n\t\t\t\t<div class=\"elementor-element elementor-element-cee568f elementor-widget elementor-widget-text-editor\" data-id=\"cee568f\" data-element_type=\"widget\" data-e-type=\"widget\" data-widget_type=\"text-editor.default\">\n\t\t\t\t\t\t\t\t\t<p>BIZ Operations GmbH<\/p>\t\t\t\t\t\t\t\t<\/div>\n\t\t\t\t<div class=\"elementor-element elementor-element-642dc90 elementor-widget elementor-widget-heading\" data-id=\"642dc90\" data-element_type=\"widget\" data-e-type=\"widget\" data-widget_type=\"heading.default\">\n\t\t\t\t\t<h2 class=\"elementor-heading-title elementor-size-default\">Anschrift<\/h2>\t\t\t\t<\/div>\n\t\t\t\t<div class=\"elementor-element elementor-element-19ab28a elementor-widget elementor-widget-text-editor\" data-id=\"19ab28a\" data-element_type=\"widget\" data-e-type=\"widget\" data-widget_type=\"text-editor.default\">\n\t\t\t\t\t\t\t\t\t<p>Benzstra\u00dfe 18<\/p><p>72810 Gomaringen<\/p>\t\t\t\t\t\t\t\t<\/div>\n\t\t\t\t<div class=\"elementor-element elementor-element-a551090 elementor-widget elementor-widget-heading\" data-id=\"a551090\" data-element_type=\"widget\" data-e-type=\"widget\" data-widget_type=\"heading.default\">\n\t\t\t\t\t<h2 class=\"elementor-heading-title elementor-size-default\">Kontakt:<\/h2>\t\t\t\t<\/div>\n\t\t\t\t<div class=\"elementor-element elementor-element-b20b8fb elementor-widget elementor-widget-text-editor\" data-id=\"b20b8fb\" data-element_type=\"widget\" data-e-type=\"widget\" data-widget_type=\"text-editor.default\">\n\t\t\t\t\t\t\t\t\t<p>Telefon: +49 7072 890 9772<\/p><p>E-Mail: info@biz-gruppe.com<\/p>\t\t\t\t\t\t\t\t<\/div>\n\t\t\t\t<div class=\"elementor-element elementor-element-20ee77e elementor-widget elementor-widget-heading\" data-id=\"20ee77e\" data-element_type=\"widget\" data-e-type=\"widget\" data-widget_type=\"heading.default\">\n\t\t\t\t\t<h2 class=\"elementor-heading-title elementor-size-default\">Vertreten durch:<\/h2>\t\t\t\t<\/div>\n\t\t\t\t<div class=\"elementor-element elementor-element-e9bd54f elementor-widget elementor-widget-text-editor\" data-id=\"e9bd54f\" data-element_type=\"widget\" data-e-type=\"widget\" data-widget_type=\"text-editor.default\">\n\t\t\t\t\t\t\t\t\t<p>CEO Alexander Dappen<\/p>\t\t\t\t\t\t\t\t<\/div>\n\t\t\t\t<div class=\"elementor-element elementor-element-8462309 elementor-widget elementor-widget-heading\" data-id=\"8462309\" data-element_type=\"widget\" data-e-type=\"widget\" data-widget_type=\"heading.default\">\n\t\t\t\t\t<h2 class=\"elementor-heading-title elementor-size-default\">Registereintrag:<\/h2>\t\t\t\t<\/div>\n\t\t\t\t<div class=\"elementor-element elementor-element-1a9feee elementor-widget elementor-widget-text-editor\" data-id=\"1a9feee\" data-element_type=\"widget\" data-e-type=\"widget\" data-widget_type=\"text-editor.default\">\n\t\t\t\t\t\t\t\t\t<p>Eintragung ins Handelsregister.<\/p><p>Registergericht: Stuttgart<\/p><p>Registernummer: HRB 791070<\/p>\t\t\t\t\t\t\t\t<\/div>\n\t\t\t\t<div class=\"elementor-element elementor-element-c8f8e4a elementor-widget elementor-widget-heading\" data-id=\"c8f8e4a\" data-element_type=\"widget\" data-e-type=\"widget\" data-widget_type=\"heading.default\">\n\t\t\t\t\t<h2 class=\"elementor-heading-title elementor-size-default\">Umsatzsteuer:<\/h2>\t\t\t\t<\/div>\n\t\t\t\t<div class=\"elementor-element elementor-element-af9666f elementor-widget elementor-widget-text-editor\" data-id=\"af9666f\" data-element_type=\"widget\" data-e-type=\"widget\" data-widget_type=\"text-editor.default\">\n\t\t\t\t\t\t\t\t\t<p>Umsatzsteuer-Identifikationsnummer gem\u00e4\u00df \u00a727 a Umsatzsteuergesetz:<\/p>\n<p>DE364548093<\/p>\t\t\t\t\t\t\t\t<\/div>\n\t\t\t\t<div class=\"elementor-element elementor-element-8bf9ffd elementor-widget elementor-widget-heading\" data-id=\"8bf9ffd\" data-element_type=\"widget\" data-e-type=\"widget\" data-widget_type=\"heading.default\">\n\t\t\t\t\t<h2 class=\"elementor-heading-title elementor-size-default\">Streitschlichtung:<\/h2>\t\t\t\t<\/div>\n\t\t\t\t<div class=\"elementor-element elementor-element-69a6329 elementor-widget elementor-widget-text-editor\" data-id=\"69a6329\" data-element_type=\"widget\" data-e-type=\"widget\" data-widget_type=\"text-editor.default\">\n\t\t\t\t\t\t\t\t\t<p>Wir sind nicht bereit oder verpflichtet, an Streitbeilegungsverfahren vor einer Verbraucherschlichtungsstelle teilzunehmen.<\/p>\t\t\t\t\t\t\t\t<\/div>\n\t\t\t\t<div class=\"elementor-element elementor-element-ce27105 elementor-widget elementor-widget-heading\" data-id=\"ce27105\" data-element_type=\"widget\" data-e-type=\"widget\" data-widget_type=\"heading.default\">\n\t\t\t\t\t<h2 class=\"elementor-heading-title elementor-size-default\">Haftung f\u00fcr Inhalte:<\/h2>\t\t\t\t<\/div>\n\t\t\t\t<div class=\"elementor-element elementor-element-f1868aa elementor-widget elementor-widget-text-editor\" data-id=\"f1868aa\" data-element_type=\"widget\" data-e-type=\"widget\" data-widget_type=\"text-editor.default\">\n\t\t\t\t\t\t\t\t\t<p>Als Diensteanbieter sind wir gem\u00e4\u00df \u00a7\/ Abs. 1 TMG f\u00fcr eigene Inhalte auf diesen Seiten nach den allgemeinen Gesetzen verantwortlich. Nach \u00a7\u00a78 bis 10 TMG sind wir als Diensteanbieter jedoch nicht verpflichtet, \u00fcbermittelte oder gespeicherte fremde Informationen zu \u00fcberwachen oder nach Umst\u00e4nden zu forschen, die auf eine rechtswidrige T\u00e4tigkeit hinweisen.<\/p><p>Verpflichtungen zur Entfernung oder Sperrung der Nutzung von Informationen nach den allgemeinen Gesetzen bleiben hiervon unber\u00fchrt. Eine diesbez\u00fcgliche Haftung ist jedoch erst ab dem Zeitpunkt der Kenntnis einer konkreten Rechtsverletzung m\u00f6glich. Bei Bekanntwerden von entsprechenden Rechtsverletzungen werden wir diese Inhalte umgehend entfernen.\u00a0<\/p>\t\t\t\t\t\t\t\t<\/div>\n\t\t\t\t<div class=\"elementor-element elementor-element-cb2c45e elementor-widget elementor-widget-heading\" data-id=\"cb2c45e\" data-element_type=\"widget\" data-e-type=\"widget\" data-widget_type=\"heading.default\">\n\t\t\t\t\t<h2 class=\"elementor-heading-title elementor-size-default\">Haftung f\u00fcr Links:<\/h2>\t\t\t\t<\/div>\n\t\t\t\t<div class=\"elementor-element elementor-element-9523e95 elementor-widget elementor-widget-text-editor\" data-id=\"9523e95\" data-element_type=\"widget\" data-e-type=\"widget\" data-widget_type=\"text-editor.default\">\n\t\t\t\t\t\t\t\t\t<p>Unser Angebot enth\u00e4lt externe Links zu externen Webseiten Dritter, auf derer Inhalte wir keine Einfluss haben. Deshalb k\u00f6nnen wir f\u00fcr diese fremden Inhalte auch keine Gew\u00e4hr \u00fcbernehmen. F\u00fcr die Inhalte der verlinkten Seite ist stets der jeweilige Anbieter oder Betreiber der Seiten verantwortlich. Die verlinkten Seiten wurden zum Zeitpunkt der Verlinkung auf m\u00f6gliche Rechtsverst\u00f6\u00dfe \u00fcberpr\u00fcft. Rechtswidrige Inhalte waren zum Zeitpunkt der Verlinkung nicht erkennbar.<\/p><p>Eine permanente inhaltliche Kontrolle der verlinkten Seiten ist jedoch ohne konkrete Anhaltspunkte einer Rechtsverletzung nicht zumutbar. Bei Bekanntwerden von Rechtsverletzungen werden wir derartige Links umgehend entfernen.<\/p>\t\t\t\t\t\t\t\t<\/div>\n\t\t\t\t<div class=\"elementor-element elementor-element-57d7201 elementor-widget elementor-widget-heading\" data-id=\"57d7201\" data-element_type=\"widget\" data-e-type=\"widget\" data-widget_type=\"heading.default\">\n\t\t\t\t\t<h2 class=\"elementor-heading-title elementor-size-default\">Urheberrecht:<\/h2>\t\t\t\t<\/div>\n\t\t\t\t<div class=\"elementor-element elementor-element-cf591c1 elementor-widget elementor-widget-text-editor\" data-id=\"cf591c1\" data-element_type=\"widget\" data-e-type=\"widget\" data-widget_type=\"text-editor.default\">\n\t\t\t\t\t\t\t\t\t<p>Fotos: Johannes Besteck, Stefan G\u00e4rtner, Pexels<\/p><p>Die durch die Seitenbetreiber erstellten Inhalte und Werke auf diesen Seiten unterliegen dem deutschen Urheberrecht. Die Vervielf\u00e4ltigung, Bearbeitung, Verbreitung und jede Art der Verwertung au\u00dferhalb der Grenzen des Urheberrechts bed\u00fcrfen der schriftlichen Zustimmung des jeweiligen Autors bzw. Erstellers. Downloads und Kopien dieser Seiten sind nicht nur f\u00fcr den privaten, nicht kommerziellen Gebrauch gestattet.<\/p><p>Soweit die Inhalte auf dieser Seite nicht vom Betreiber erstellt wurden, werden die Urheberrechte Dritter beachtet. Insbesondere werden Inhalte dritter als solche gekennzeichnet. Sollten Sie trotzdem auf eine Urheberrechtsverletzung aufmerksam werden, bitten wir um einen entsprechenden Hinweis. Bei Bekanntwerden von Rechtsverletzungen werden wir derartige Inhalte umgehend entfernen.<\/p>\t\t\t\t\t\t\t\t<\/div>\n\t\t\t\t<div class=\"elementor-element elementor-element-38071b4 elementor-widget elementor-widget-heading\" data-id=\"38071b4\" data-element_type=\"widget\" data-e-type=\"widget\" data-widget_type=\"heading.default\">\n\t\t\t\t\t<h2 class=\"elementor-heading-title elementor-size-default\">Allgemeiner Hinweis zum Inhalt der Webseite:<\/h2>\t\t\t\t<\/div>\n\t\t\t\t<div class=\"elementor-element elementor-element-d2937e4 elementor-widget elementor-widget-text-editor\" data-id=\"d2937e4\" data-element_type=\"widget\" data-e-type=\"widget\" data-widget_type=\"text-editor.default\">\n\t\t\t\t\t\t\t\t\t<p>Aus Gr\u00fcnden der besseren Lesbarkeit wurde auf dien Seiten dieser Internetpr\u00e4senz ausschlie\u00dflich die m\u00e4nnliche Form benutzt. Es k\u00f6nnen dabei aber sowohl m\u00e4nnliche, weibliche als auch diverse Personen gemeint sein.<\/p>\t\t\t\t\t\t\t\t<\/div>\n\t\t\t\t\t<\/div>\n\t\t<\/div>\n\t\t\t\t\t<\/div>\n\t\t<\/section>\n\t\t\t\t<\/div>","protected":false},"excerpt":{"rendered":"<p>IMPRESSUM Angaben gem\u00e4\u00df \u00a75 TMG BIZ Operations GmbH Anschrift Benzstra\u00dfe 18 72810 Gomaringen Kontakt: Telefon: +49 7072 890 9772 E-Mail: info@biz-gruppe.com Vertreten durch: CEO Alexander Dappen Registereintrag: Eintragung ins Handelsregister. Registergericht: Stuttgart Registernummer: HRB 791070 Umsatzsteuer: Umsatzsteuer-Identifikationsnummer gem\u00e4\u00df \u00a727 a Umsatzsteuergesetz: DE364548093 Streitschlichtung: Wir sind nicht bereit oder verpflichtet, an Streitbeilegungsverfahren vor einer Verbraucherschlichtungsstelle teilzunehmen. [&hellip;]<\/p>\n","protected":false},"author":3,"featured_media":0,"parent":0,"menu_order":0,"comment_status":"closed","ping_status":"closed","template":"","meta":{"site-sidebar-layout":"no-sidebar","site-content-layout":"page-builder","ast-site-content-layout":"full-width-container","site-content-style":"default","site-sidebar-style":"default","ast-global-header-display":"","ast-banner-title-visibility":"","ast-main-header-display":"","ast-hfb-above-header-display":"","ast-hfb-below-header-display":"","ast-hfb-mobile-header-display":"","site-post-title":"disabled","ast-breadcrumbs-content":"","ast-featured-img":"disabled","footer-sml-layout":"","theme-transparent-header-meta":"","adv-header-id-meta":"","stick-header-meta":"","header-above-stick-meta":"","header-main-stick-meta":"","header-below-stick-meta":"","astra-migrate-meta-layouts":"set","ast-page-background-enabled":"default","ast-page-background-meta":{"desktop":{"background-color":"","background-image":"","background-repeat":"repeat","background-position":"center center","background-size":"auto","background-attachment":"scroll","background-type":"","background-media":"","overlay-type":"","overlay-color":"","overlay-opacity":"","overlay-gradient":""},"tablet":{"background-color":"","background-image":"","background-repeat":"repeat","background-position":"center center","background-size":"auto","background-attachment":"scroll","background-type":"","background-media":"","overlay-type":"","overlay-color":"","overlay-opacity":"","overlay-gradient":""},"mobile":{"background-color":"","background-image":"","background-repeat":"repeat","background-position":"center center","background-size":"auto","background-attachment":"scroll","background-type":"","background-media":"","overlay-type":"","overlay-color":"","overlay-opacity":"","overlay-gradient":""}},"ast-content-background-meta":{"desktop":{"background-color":"var(--ast-global-color-5)","background-image":"","background-repeat":"repeat","background-position":"center center","background-size":"auto","background-attachment":"scroll","background-type":"","background-media":"","overlay-type":"","overlay-color":"","overlay-opacity":"","overlay-gradient":""},"tablet":{"background-color":"var(--ast-global-color-5)","background-image":"","background-repeat":"repeat","background-position":"center center","background-size":"auto","background-attachment":"scroll","background-type":"","background-media":"","overlay-type":"","overlay-color":"","overlay-opacity":"","overlay-gradient":""},"mobile":{"background-color":"var(--ast-global-color-5)","background-image":"","background-repeat":"repeat","background-position":"center center","background-size":"auto","background-attachment":"scroll","background-type":"","background-media":"","overlay-type":"","overlay-color":"","overlay-opacity":"","overlay-gradient":""}},"footnotes":""},"class_list":["post-3287","page","type-page","status-publish","hentry"],"yoast_head":"<!-- This site is optimized with the Yoast SEO plugin v27.4 - https:\/\/yoast.com\/product\/yoast-seo-wordpress\/ -->\n<title>Impressum | BIZ - Startup Accelerator<\/title>\n<meta name=\"robots\" content=\"noindex, nofollow\" \/>\n<meta property=\"og:locale\" content=\"en_US\" \/>\n<meta property=\"og:type\" content=\"article\" \/>\n<meta property=\"og:title\" content=\"Impressum | BIZ - Startup Accelerator\" \/>\n<meta property=\"og:description\" content=\"IMPRESSUM Angaben gem\u00e4\u00df \u00a75 TMG BIZ Operations GmbH Anschrift Benzstra\u00dfe 18 72810 Gomaringen Kontakt: Telefon: +49 7072 890 9772 E-Mail: info@biz-gruppe.com Vertreten durch: CEO Alexander Dappen Registereintrag: Eintragung ins Handelsregister. Registergericht: Stuttgart Registernummer: HRB 791070 Umsatzsteuer: Umsatzsteuer-Identifikationsnummer gem\u00e4\u00df \u00a727 a Umsatzsteuergesetz: DE364548093 Streitschlichtung: Wir sind nicht bereit oder verpflichtet, an Streitbeilegungsverfahren vor einer Verbraucherschlichtungsstelle teilzunehmen. [&hellip;]\" \/>\n<meta property=\"og:url\" content=\"https:\/\/biz-operations.com\/en\/impressum-2-0\/\" \/>\n<meta property=\"og:site_name\" content=\"BIZ - Startup Accelerator\" \/>\n<meta property=\"article:modified_time\" content=\"2026-03-03T14:56:28+00:00\" \/>\n<meta property=\"og:image\" content=\"https:\/\/biz-operations.com\/wp-content\/uploads\/2025\/06\/BIZ-Logo-800X400.png\" \/>\n\t<meta property=\"og:image:width\" content=\"800\" \/>\n\t<meta property=\"og:image:height\" content=\"400\" \/>\n\t<meta property=\"og:image:type\" content=\"image\/png\" \/>\n<meta name=\"twitter:card\" content=\"summary_large_image\" \/>\n<meta name=\"twitter:label1\" content=\"Est. reading time\" \/>\n\t<meta name=\"twitter:data1\" content=\"3 minutes\" \/>\n<script type=\"application\/ld+json\" class=\"yoast-schema-graph\">{\"@context\":\"https:\\\/\\\/schema.org\",\"@graph\":[{\"@type\":\"WebPage\",\"@id\":\"https:\\\/\\\/biz-operations.com\\\/impressum-2-0\\\/\",\"url\":\"https:\\\/\\\/biz-operations.com\\\/impressum-2-0\\\/\",\"name\":\"Impressum | BIZ - Startup Accelerator\",\"isPartOf\":{\"@id\":\"https:\\\/\\\/biz-operations.com\\\/#website\"},\"datePublished\":\"2023-09-26T09:13:56+00:00\",\"dateModified\":\"2026-03-03T14:56:28+00:00\",\"breadcrumb\":{\"@id\":\"https:\\\/\\\/biz-operations.com\\\/impressum-2-0\\\/#breadcrumb\"},\"inLanguage\":\"en-US\",\"potentialAction\":[{\"@type\":\"ReadAction\",\"target\":[\"https:\\\/\\\/biz-operations.com\\\/impressum-2-0\\\/\"]}]},{\"@type\":\"BreadcrumbList\",\"@id\":\"https:\\\/\\\/biz-operations.com\\\/impressum-2-0\\\/#breadcrumb\",\"itemListElement\":[{\"@type\":\"ListItem\",\"position\":1,\"name\":\"Startseite\",\"item\":\"https:\\\/\\\/biz-operations.com\\\/\"},{\"@type\":\"ListItem\",\"position\":2,\"name\":\"Impressum\"}]},{\"@type\":\"WebSite\",\"@id\":\"https:\\\/\\\/biz-operations.com\\\/#website\",\"url\":\"https:\\\/\\\/biz-operations.com\\\/\",\"name\":\"BIZ Startup Accelerator Stuttgart\",\"description\":\"BIZ Accelerator - Bridging Global Innovation with German Mittelstand\",\"publisher\":{\"@id\":\"https:\\\/\\\/biz-operations.com\\\/#organization\"},\"alternateName\":\"BIZ Accelerator\",\"potentialAction\":[{\"@type\":\"SearchAction\",\"target\":{\"@type\":\"EntryPoint\",\"urlTemplate\":\"https:\\\/\\\/biz-operations.com\\\/?s={search_term_string}\"},\"query-input\":{\"@type\":\"PropertyValueSpecification\",\"valueRequired\":true,\"valueName\":\"search_term_string\"}}],\"inLanguage\":\"en-US\"},{\"@type\":\"Organization\",\"@id\":\"https:\\\/\\\/biz-operations.com\\\/#organization\",\"name\":\"BIZ - Startup Accelerator Stuttgart\",\"alternateName\":\"BIZ Accelerator\",\"url\":\"https:\\\/\\\/biz-operations.com\\\/\",\"logo\":{\"@type\":\"ImageObject\",\"inLanguage\":\"en-US\",\"@id\":\"https:\\\/\\\/biz-operations.com\\\/#\\\/schema\\\/logo\\\/image\\\/\",\"url\":\"https:\\\/\\\/biz-operations.com\\\/wp-content\\\/uploads\\\/2025\\\/06\\\/BIZ-Logo-1.png\",\"contentUrl\":\"https:\\\/\\\/biz-operations.com\\\/wp-content\\\/uploads\\\/2025\\\/06\\\/BIZ-Logo-1.png\",\"width\":500,\"height\":500,\"caption\":\"BIZ - Startup Accelerator Stuttgart\"},\"image\":{\"@id\":\"https:\\\/\\\/biz-operations.com\\\/#\\\/schema\\\/logo\\\/image\\\/\"},\"sameAs\":[\"https:\\\/\\\/www.linkedin.com\\\/company\\\/106050559\\\/admin\\\/dashboard\\\/\"]}]}<\/script>\n<!-- \/ Yoast SEO plugin. -->","yoast_head_json":{"title":"Impressum | BIZ - Startup Accelerator","robots":{"index":"noindex","follow":"nofollow"},"og_locale":"en_US","og_type":"article","og_title":"Impressum | BIZ - Startup Accelerator","og_description":"IMPRESSUM Angaben gem\u00e4\u00df \u00a75 TMG BIZ Operations GmbH Anschrift Benzstra\u00dfe 18 72810 Gomaringen Kontakt: Telefon: +49 7072 890 9772 E-Mail: info@biz-gruppe.com Vertreten durch: CEO Alexander Dappen Registereintrag: Eintragung ins Handelsregister. Registergericht: Stuttgart Registernummer: HRB 791070 Umsatzsteuer: Umsatzsteuer-Identifikationsnummer gem\u00e4\u00df \u00a727 a Umsatzsteuergesetz: DE364548093 Streitschlichtung: Wir sind nicht bereit oder verpflichtet, an Streitbeilegungsverfahren vor einer Verbraucherschlichtungsstelle teilzunehmen. [&hellip;]","og_url":"https:\/\/biz-operations.com\/en\/impressum-2-0\/","og_site_name":"BIZ - Startup Accelerator","article_modified_time":"2026-03-03T14:56:28+00:00","og_image":[{"width":800,"height":400,"url":"https:\/\/biz-operations.com\/wp-content\/uploads\/2025\/06\/BIZ-Logo-800X400.png","type":"image\/png"}],"twitter_card":"summary_large_image","twitter_misc":{"Est. reading time":"3 minutes"},"schema":{"@context":"https:\/\/schema.org","@graph":[{"@type":"WebPage","@id":"https:\/\/biz-operations.com\/impressum-2-0\/","url":"https:\/\/biz-operations.com\/impressum-2-0\/","name":"Impressum | BIZ - Startup Accelerator","isPartOf":{"@id":"https:\/\/biz-operations.com\/#website"},"datePublished":"2023-09-26T09:13:56+00:00","dateModified":"2026-03-03T14:56:28+00:00","breadcrumb":{"@id":"https:\/\/biz-operations.com\/impressum-2-0\/#breadcrumb"},"inLanguage":"en-US","potentialAction":[{"@type":"ReadAction","target":["https:\/\/biz-operations.com\/impressum-2-0\/"]}]},{"@type":"BreadcrumbList","@id":"https:\/\/biz-operations.com\/impressum-2-0\/#breadcrumb","itemListElement":[{"@type":"ListItem","position":1,"name":"Startseite","item":"https:\/\/biz-operations.com\/"},{"@type":"ListItem","position":2,"name":"Impressum"}]},{"@type":"WebSite","@id":"https:\/\/biz-operations.com\/#website","url":"https:\/\/biz-operations.com\/","name":"BIZ Startup Accelerator Stuttgart","description":"BIZ Accelerator - Bridging Global Innovation with German Mittelstand","publisher":{"@id":"https:\/\/biz-operations.com\/#organization"},"alternateName":"BIZ Accelerator","potentialAction":[{"@type":"SearchAction","target":{"@type":"EntryPoint","urlTemplate":"https:\/\/biz-operations.com\/?s={search_term_string}"},"query-input":{"@type":"PropertyValueSpecification","valueRequired":true,"valueName":"search_term_string"}}],"inLanguage":"en-US"},{"@type":"Organization","@id":"https:\/\/biz-operations.com\/#organization","name":"BIZ - Startup Accelerator Stuttgart","alternateName":"BIZ Accelerator","url":"https:\/\/biz-operations.com\/","logo":{"@type":"ImageObject","inLanguage":"en-US","@id":"https:\/\/biz-operations.com\/#\/schema\/logo\/image\/","url":"https:\/\/biz-operations.com\/wp-content\/uploads\/2025\/06\/BIZ-Logo-1.png","contentUrl":"https:\/\/biz-operations.com\/wp-content\/uploads\/2025\/06\/BIZ-Logo-1.png","width":500,"height":500,"caption":"BIZ - Startup Accelerator Stuttgart"},"image":{"@id":"https:\/\/biz-operations.com\/#\/schema\/logo\/image\/"},"sameAs":["https:\/\/www.linkedin.com\/company\/106050559\/admin\/dashboard\/"]}]}},"_links":{"self":[{"href":"https:\/\/biz-operations.com\/en\/wp-json\/wp\/v2\/pages\/3287","targetHints":{"allow":["GET"]}}],"collection":[{"href":"https:\/\/biz-operations.com\/en\/wp-json\/wp\/v2\/pages"}],"about":[{"href":"https:\/\/biz-operations.com\/en\/wp-json\/wp\/v2\/types\/page"}],"author":[{"embeddable":true,"href":"https:\/\/biz-operations.com\/en\/wp-json\/wp\/v2\/users\/3"}],"replies":[{"embeddable":true,"href":"https:\/\/biz-operations.com\/en\/wp-json\/wp\/v2\/comments?post=3287"}],"version-history":[{"count":47,"href":"https:\/\/biz-operations.com\/en\/wp-json\/wp\/v2\/pages\/3287\/revisions"}],"predecessor-version":[{"id":6948,"href":"https:\/\/biz-operations.com\/en\/wp-json\/wp\/v2\/pages\/3287\/revisions\/6948"}],"wp:attachment":[{"href":"https:\/\/biz-operations.com\/en\/wp-json\/wp\/v2\/media?parent=3287"}],"curies":[{"name":"wp","href":"https:\/\/api.w.org\/{rel}","templated":true}]}}